{"id":8444,"date":"2024-01-30T17:30:31","date_gmt":"2024-01-30T16:30:31","guid":{"rendered":"https:\/\/www.bioga.org\/aei\/"},"modified":"2026-03-30T13:59:17","modified_gmt":"2026-03-30T11:59:17","slug":"aei","status":"publish","type":"page","link":"https:\/\/www.bioga.org\/en\/aei\/","title":{"rendered":"IBG"},"content":{"rendered":"<p>[vc_row full_width=\u201dstretch_row_content\u201d full_height=\u201dyes\u201d columns_placement=\u201dstretch\u201d foundry_background_style=\u201dbg-primary\u201d foundry_padding=\u201dpb0\u2033 css=\u201d.vc_custom_1706631966788{background-image: url(https:\/\/www.bioga.org\/wp-content\/uploads\/2024\/01\/Header-gente-scaled.jpg?id=5446) !important;}\u201d][vc_column][vc_row_inner el_class=\u201dbio-title-home\u201d][vc_column_inner el_class=\u201dh1-style-aei\u201d width=\u201d2\/3\u2033 offset=\u201dvc_col-lg-offset-2 vc_col-md-offset-2\u2033][vc_single_image image=\u201d5439\u2033 img_size=\u201d\u201d alignment=\u201dcenter\u201d][vc_column_text el_class=\u201dtitle-resp\u201d]<\/p>\n<h1>Bioga obtains recognition from the Ministry of Economy, Industry and Competitiveness (MINECO) as an <strong>Innovative Business Group (IBG)<\/strong>, which grants its members access to exclusive annual subsidies to develop R&D&I projects.<\/h1>\n<p>[\/vc_column_text][\/vc_column_inner][\/vc_row_inner][\/vc_column][\/vc_row][vc_row][vc_column][vc_row_inner][vc_column_inner width=\u201d2\/3\u2033 offset=\u201dvc_col-lg-offset-2 vc_col-md-offset-2\u2033][vc_column_text]<\/p>\n<h3 style=\"text-align: center;\">An IBG to boost the Galician biotechnology sector<\/h3>\n<p>[\/vc_column_text][\/vc_column_inner][\/vc_row_inner][vc_row_inner el_class=\u201dcounter-container\u201d][vc_column_inner el_class=\u201dcounter-bioger\u201d width=\u201d1\/3\u2033]<span class=\"counter\">115<\/span><\/p>\n<p style=\"text-align: center;\">Partners<\/p>\n<p>\n[\/vc_column_inner][vc_column_inner el_class=\u201dcounter-bioger\u201d width=\u201d1\/3\u2033]<span class=\"counter\">90<\/span><\/p>\n<p style=\"text-align: center;\">% of sector revenue<\/p>\n<p>\n[\/vc_column_inner][vc_column_inner el_class=\u201dcounter-bioger\u201d width=\u201d1\/3\u2033]<span class=\"counter\">90<\/span><\/p>\n<p style=\"text-align: center;\">% of employment in the sector<\/p>\n<p>\n[\/vc_column_inner][\/vc_row_inner][vc_column_text]<\/p>\n<p style=\"text-align: center;\"><a class=\"btn\" href=\"https:\/\/socios.bioga.org\/partner\/\" target=\"_blank\" rel=\"noopener\">Check the members of the IBG<\/a><\/p>\n<p>[\/vc_column_text][\/vc_column][\/vc_row][vc_row el_id=\u201dhazte-biogger\u201d][vc_column][vc_column_text]<\/p>\n<h3 style=\"text-align: left;\">What are the advantages of belonging to Bioga\u2019s IBG?<\/h3>\n<p>[\/vc_column_text][vc_row_inner equal_height=\u201dyes\u201d][vc_column_inner el_class=\u201dbio-box-shadow pasos\u201d width=\u201d1\/3\u2033][vc_single_image image=\u201d2216\u2033 img_size=\u201dfull\u201d el_class=\u201dbio-icon\u201d][vc_column_text]Boost your organization\u2019s R&D&I[\/vc_column_text][\/vc_column_inner][vc_column_inner el_class=\u201dbio-box-shadow pasos\u201d width=\u201d1\/3\u2033][vc_single_image image=\u201d2212\u2033 img_size=\u201dfull\u201d el_class=\u201dbio-icon\u201d][vc_column_text]Access exclusive subsidies for Bioga members[\/vc_column_text][\/vc_column_inner][vc_column_inner el_class=\u201dbio-box-shadow pasos\u201d width=\u201d1\/3\u2033][vc_single_image image=\u201d2214\u2033 img_size=\u201dfull\u201d el_class=\u201dbio-icon\u201d][vc_column_text]Participate in collaborative projects[\/vc_column_text][\/vc_column_inner][\/vc_row_inner][\/vc_column][\/vc_row][vc_row foundry_background_style=\u201dbg-primary\u201d][vc_column][vc_column_text]<\/p>\n<h2 style=\"text-align: center;\">Do you want to be part of the IBG?<\/h2>\n<p>[\/vc_column_text][vc_column_text]<\/p>\n<p style=\"text-align: center;\"><a class=\"btn\" href=\"\/asociarse\/#formulario\">Join us!<\/a><\/p>\n<p>[\/vc_column_text][\/vc_column][\/vc_row][vc_row][vc_column][vc_column_text]<\/p>\n<h2>Latest News<\/h2>\n<p>[\/vc_column_text][vc_basic_grid post_type=\u201dpost\u201d max_items=\u201d3\u2033 item=\u201d703\u2033 grid_id=\u201dvc_gid:1774871934504-4c15cee56500f07bea4297944edfada8-9\u2033 taxonomies=\u201d54\u2033][vc_row_inner][vc_column_inner][vc_column_text]<\/p>\n<p style=\"text-align: center;\"><a class=\"btn\" href=\"\/actualidad\">View all news<\/a><\/p>\n<p>[\/vc_column_text][\/vc_column_inner][\/vc_row_inner][vc_column_text][\/vc_column_text][vc_single_image image=\u201d5442\u2033 img_size=\u201dfull\u201d alignment=\u201dcenter\u201d][\/vc_column][\/vc_row]<\/p>\n","protected":false},"excerpt":{"rendered":"<p>[vc_row full_width=\u201dstretch_row_content\u201d full_height=\u201dyes\u201d columns_placement=\u201dstretch\u201d foundry_background_style=\u201dbg-primary\u201d foundry_padding=\u201dpb0\u2033 css=\u201d.vc_custom_1706631966788{background-image: url(https:\/\/www.bioga.org\/wp-content\/uploads\/2024\/01\/Header-gente-scaled.jpg?id=5446) !important;}\u201d][vc_column][vc_row_inner el_class=\u201dbio-title-home\u201d][vc_column_inner el_class=\u201dh1-style-aei\u201d width=\u201d2\/3\u2033 offset=\u201dvc_col-lg-offset-2 vc_col-md-offset-2\u2033][vc_single_image image=\u201d5439\u2033 img_size=\u201d\u201d alignment=\u201dcenter\u201d][vc_column_text el_class=\u201dtitle-resp\u201d] Bioga obtains recognition&#8230;<\/p>\n","protected":false},"author":1,"featured_media":0,"parent":0,"menu_order":0,"comment_status":"closed","ping_status":"closed","template":"","meta":{"footnotes":"","_links_to":"","_links_to_target":""},"class_list":["post-8444","page","type-page","status-publish","hentry"],"yoast_head":"<!-- This site is optimized with the Yoast SEO plugin v27.5 - https:\/\/yoast.com\/product\/yoast-seo-wordpress\/ -->\n<title>IBG | Bioga<\/title>\n<meta name=\"description\" content=\"Somos el Cl\u00faster Tecnol\u00f3xico Empresarial das Ciencias da Vida de Galicia y representamos a las organizaciones del sector biotecnol\u00f3gico.\" \/>\n<meta name=\"robots\" content=\"index, follow, max-snippet:-1, max-image-preview:large, max-video-preview:-1\" \/>\n<link rel=\"canonical\" href=\"https:\/\/www.bioga.org\/aei\/\" \/>\n<meta property=\"og:locale\" content=\"en_US\" \/>\n<meta property=\"og:type\" content=\"article\" \/>\n<meta property=\"og:title\" content=\"BIOGA\" \/>\n<meta property=\"og:description\" content=\"Somos el Cl\u00faster Tecnol\u00f3xico Empresarial das Ciencias da Vida de Galicia y representamos a las organizaciones del sector biotecnol\u00f3gico.\" \/>\n<meta property=\"og:url\" content=\"https:\/\/www.bioga.org\/aei\/\" \/>\n<meta property=\"og:site_name\" content=\"Bioga\" \/>\n<meta property=\"article:publisher\" content=\"https:\/\/www.facebook.com\/BiogaGalicia\/\" \/>\n<meta property=\"article:modified_time\" content=\"2026-03-30T11:59:17+00:00\" \/>\n<meta property=\"og:image\" content=\"https:\/\/www.bioga.org\/wp-content\/uploads\/2022\/09\/SEOFB-bioga.jpg\" \/>\n\t<meta property=\"og:image:width\" content=\"2400\" \/>\n\t<meta property=\"og:image:height\" content=\"1261\" \/>\n\t<meta property=\"og:image:type\" content=\"image\/jpeg\" \/>\n<meta name=\"twitter:card\" content=\"summary_large_image\" \/>\n<meta name=\"twitter:title\" content=\"BIOGA\" \/>\n<meta name=\"twitter:description\" content=\"Somos el Cl\u00faster Tecnol\u00f3xico Empresarial das Ciencias da Vida de Galicia y representamos a las organizaciones del sector biotecnol\u00f3gico.\" \/>\n<meta name=\"twitter:image\" content=\"https:\/\/www.bioga.org\/wp-content\/uploads\/2022\/09\/SEOTW-bioga.jpg\" \/>\n<meta name=\"twitter:site\" content=\"@BiogaGalicia\" \/>\n<meta name=\"twitter:label1\" content=\"Est. reading time\" \/>\n\t<meta name=\"twitter:data1\" content=\"2 minutes\" \/>\n<script type=\"application\/ld+json\" class=\"yoast-schema-graph\">{\"@context\":\"https:\\\/\\\/schema.org\",\"@graph\":[{\"@type\":\"WebPage\",\"@id\":\"https:\\\/\\\/www.bioga.org\\\/aei\\\/\",\"url\":\"https:\\\/\\\/www.bioga.org\\\/aei\\\/\",\"name\":\"IBG | Bioga\",\"isPartOf\":{\"@id\":\"https:\\\/\\\/www.bioga.org\\\/#website\"},\"datePublished\":\"2024-01-30T16:30:31+00:00\",\"dateModified\":\"2026-03-30T11:59:17+00:00\",\"description\":\"Somos el Cl\u00faster Tecnol\u00f3xico Empresarial das Ciencias da Vida de Galicia y representamos a las organizaciones del sector biotecnol\u00f3gico.\",\"breadcrumb\":{\"@id\":\"https:\\\/\\\/www.bioga.org\\\/aei\\\/#breadcrumb\"},\"inLanguage\":\"en-US\",\"potentialAction\":[{\"@type\":\"ReadAction\",\"target\":[\"https:\\\/\\\/www.bioga.org\\\/aei\\\/\"]}]},{\"@type\":\"BreadcrumbList\",\"@id\":\"https:\\\/\\\/www.bioga.org\\\/aei\\\/#breadcrumb\",\"itemListElement\":[{\"@type\":\"ListItem\",\"position\":1,\"name\":\"Home\",\"item\":\"https:\\\/\\\/www.bioga.org\\\/en\\\/\"},{\"@type\":\"ListItem\",\"position\":2,\"name\":\"IBG\"}]},{\"@type\":\"WebSite\",\"@id\":\"https:\\\/\\\/www.bioga.org\\\/#website\",\"url\":\"https:\\\/\\\/www.bioga.org\\\/\",\"name\":\"Bioga\",\"description\":\"Cl\u00faster Tecnol\u00f3xico Empresarial das Ciencias da Vida\",\"publisher\":{\"@id\":\"https:\\\/\\\/www.bioga.org\\\/#organization\"},\"potentialAction\":[{\"@type\":\"SearchAction\",\"target\":{\"@type\":\"EntryPoint\",\"urlTemplate\":\"https:\\\/\\\/www.bioga.org\\\/?s={search_term_string}\"},\"query-input\":{\"@type\":\"PropertyValueSpecification\",\"valueRequired\":true,\"valueName\":\"search_term_string\"}}],\"inLanguage\":\"en-US\"},{\"@type\":\"Organization\",\"@id\":\"https:\\\/\\\/www.bioga.org\\\/#organization\",\"name\":\"Bioga\",\"url\":\"https:\\\/\\\/www.bioga.org\\\/\",\"logo\":{\"@type\":\"ImageObject\",\"inLanguage\":\"en-US\",\"@id\":\"https:\\\/\\\/www.bioga.org\\\/#\\\/schema\\\/logo\\\/image\\\/\",\"url\":\"https:\\\/\\\/www.bioga.org\\\/wp-content\\\/uploads\\\/2022\\\/06\\\/bioga-logo-color-lg.svg\",\"contentUrl\":\"https:\\\/\\\/www.bioga.org\\\/wp-content\\\/uploads\\\/2022\\\/06\\\/bioga-logo-color-lg.svg\",\"width\":121,\"height\":41,\"caption\":\"Bioga\"},\"image\":{\"@id\":\"https:\\\/\\\/www.bioga.org\\\/#\\\/schema\\\/logo\\\/image\\\/\"},\"sameAs\":[\"https:\\\/\\\/www.facebook.com\\\/BiogaGalicia\\\/\",\"https:\\\/\\\/x.com\\\/BiogaGalicia\",\"https:\\\/\\\/www.linkedin.com\\\/company\\\/\",\"https:\\\/\\\/www.instagram.com\\\/biogagalicia\\\/\"]}]}<\/script>\n<!-- \/ Yoast SEO plugin. -->","yoast_head_json":{"title":"IBG | Bioga","description":"Somos el Cl\u00faster Tecnol\u00f3xico Empresarial das Ciencias da Vida de Galicia y representamos a las organizaciones del sector biotecnol\u00f3gico.","robots":{"index":"index","follow":"follow","max-snippet":"max-snippet:-1","max-image-preview":"max-image-preview:large","max-video-preview":"max-video-preview:-1"},"canonical":"https:\/\/www.bioga.org\/aei\/","og_locale":"en_US","og_type":"article","og_title":"BIOGA","og_description":"Somos el Cl\u00faster Tecnol\u00f3xico Empresarial das Ciencias da Vida de Galicia y representamos a las organizaciones del sector biotecnol\u00f3gico.","og_url":"https:\/\/www.bioga.org\/aei\/","og_site_name":"Bioga","article_publisher":"https:\/\/www.facebook.com\/BiogaGalicia\/","article_modified_time":"2026-03-30T11:59:17+00:00","og_image":[{"width":2400,"height":1261,"url":"https:\/\/www.bioga.org\/wp-content\/uploads\/2022\/09\/SEOFB-bioga.jpg","type":"image\/jpeg"}],"twitter_card":"summary_large_image","twitter_title":"BIOGA","twitter_description":"Somos el Cl\u00faster Tecnol\u00f3xico Empresarial das Ciencias da Vida de Galicia y representamos a las organizaciones del sector biotecnol\u00f3gico.","twitter_image":"https:\/\/www.bioga.org\/wp-content\/uploads\/2022\/09\/SEOTW-bioga.jpg","twitter_site":"@BiogaGalicia","twitter_misc":{"Est. reading time":"2 minutes"},"schema":{"@context":"https:\/\/schema.org","@graph":[{"@type":"WebPage","@id":"https:\/\/www.bioga.org\/aei\/","url":"https:\/\/www.bioga.org\/aei\/","name":"IBG | Bioga","isPartOf":{"@id":"https:\/\/www.bioga.org\/#website"},"datePublished":"2024-01-30T16:30:31+00:00","dateModified":"2026-03-30T11:59:17+00:00","description":"Somos el Cl\u00faster Tecnol\u00f3xico Empresarial das Ciencias da Vida de Galicia y representamos a las organizaciones del sector biotecnol\u00f3gico.","breadcrumb":{"@id":"https:\/\/www.bioga.org\/aei\/#breadcrumb"},"inLanguage":"en-US","potentialAction":[{"@type":"ReadAction","target":["https:\/\/www.bioga.org\/aei\/"]}]},{"@type":"BreadcrumbList","@id":"https:\/\/www.bioga.org\/aei\/#breadcrumb","itemListElement":[{"@type":"ListItem","position":1,"name":"Home","item":"https:\/\/www.bioga.org\/en\/"},{"@type":"ListItem","position":2,"name":"IBG"}]},{"@type":"WebSite","@id":"https:\/\/www.bioga.org\/#website","url":"https:\/\/www.bioga.org\/","name":"Bioga","description":"Cl\u00faster Tecnol\u00f3xico Empresarial das Ciencias da Vida","publisher":{"@id":"https:\/\/www.bioga.org\/#organization"},"potentialAction":[{"@type":"SearchAction","target":{"@type":"EntryPoint","urlTemplate":"https:\/\/www.bioga.org\/?s={search_term_string}"},"query-input":{"@type":"PropertyValueSpecification","valueRequired":true,"valueName":"search_term_string"}}],"inLanguage":"en-US"},{"@type":"Organization","@id":"https:\/\/www.bioga.org\/#organization","name":"Bioga","url":"https:\/\/www.bioga.org\/","logo":{"@type":"ImageObject","inLanguage":"en-US","@id":"https:\/\/www.bioga.org\/#\/schema\/logo\/image\/","url":"https:\/\/www.bioga.org\/wp-content\/uploads\/2022\/06\/bioga-logo-color-lg.svg","contentUrl":"https:\/\/www.bioga.org\/wp-content\/uploads\/2022\/06\/bioga-logo-color-lg.svg","width":121,"height":41,"caption":"Bioga"},"image":{"@id":"https:\/\/www.bioga.org\/#\/schema\/logo\/image\/"},"sameAs":["https:\/\/www.facebook.com\/BiogaGalicia\/","https:\/\/x.com\/BiogaGalicia","https:\/\/www.linkedin.com\/company\/","https:\/\/www.instagram.com\/biogagalicia\/"]}]}},"_links":{"self":[{"href":"https:\/\/www.bioga.org\/en\/wp-json\/wp\/v2\/pages\/8444","targetHints":{"allow":["GET"]}}],"collection":[{"href":"https:\/\/www.bioga.org\/en\/wp-json\/wp\/v2\/pages"}],"about":[{"href":"https:\/\/www.bioga.org\/en\/wp-json\/wp\/v2\/types\/page"}],"author":[{"embeddable":true,"href":"https:\/\/www.bioga.org\/en\/wp-json\/wp\/v2\/users\/1"}],"replies":[{"embeddable":true,"href":"https:\/\/www.bioga.org\/en\/wp-json\/wp\/v2\/comments?post=8444"}],"version-history":[{"count":4,"href":"https:\/\/www.bioga.org\/en\/wp-json\/wp\/v2\/pages\/8444\/revisions"}],"predecessor-version":[{"id":8479,"href":"https:\/\/www.bioga.org\/en\/wp-json\/wp\/v2\/pages\/8444\/revisions\/8479"}],"wp:attachment":[{"href":"https:\/\/www.bioga.org\/en\/wp-json\/wp\/v2\/media?parent=8444"}],"curies":[{"name":"wp","href":"https:\/\/api.w.org\/{rel}","templated":true}]}}