{"id":8005,"date":"2026-01-12T09:47:22","date_gmt":"2026-01-12T08:47:22","guid":{"rendered":"https:\/\/www.bioga.org\/?page_id=8005"},"modified":"2026-01-27T08:17:34","modified_gmt":"2026-01-27T07:17:34","slug":"servicio-area-talento-bioga","status":"publish","type":"page","link":"https:\/\/www.bioga.org\/en\/servicio-area-talento-bioga\/","title":{"rendered":"Bioga Talent Area Service"},"content":{"rendered":"<p>[vc_row full_height=&#8221;yes&#8221; css=&#8221;.vc_custom_1764747335045{background-image: url(https:\/\/www.bioga.org\/wp-content\/uploads\/2025\/12\/hero-Section-scaled.webp?id=7830) !important;}&#8221;][vc_column][vc_column_text el_class=&#8221;titulo-servicios&#8221;]<\/p>\n<h1>Bioga Talent Area Service<\/h1>\n<p>[\/vc_column_text][vc_column_text]<\/p>\n<p style=\"text-align: justify;\"><span style=\"color: #ffffff;\">Bioga&#8217;s Talent Area aims to strengthen human capital in Galician biotechnology by connecting academic training with industry needs and facilitating both job opportunities and professional development.<\/span><\/p>\n<p style=\"text-align: justify;\"><span style=\"color: #ffffff;\">We foster knowledge exchange among companies, universities, and professionals through mentoring, networking, and learning spaces to develop key skills and improve talent integration within the sector.<\/span><\/p>\n<p style=\"text-align: justify;\"><span style=\"font-weight: 400; color: #ffffff;\">Tambi\u00e9n se busca aumentar la visibilidad y reconocimiento del talento biotech en Galicia, reforzando la identidad del ecosistema, creando un entorno favorable para el desarrollo profesional, la colaboraci\u00f3n y la consolidaci\u00f3n de un sector biotecnol\u00f3gico s\u00f3lido y din\u00e1mico.<\/span><\/p>\n<p>[\/vc_column_text][\/vc_column][\/vc_row][vc_row][vc_column][vc_row_inner][vc_column_inner el_class=&#8221;card-servicio&#8221; width=&#8221;1\/4&#8243;][vc_single_image image=&#8221;7857&#8243; css=&#8221;.vc_custom_1764754081367{padding-bottom: 0px !important;}&#8221; el_class=&#8221;img-servicios&#8221;][vc_column_text el_class=&#8221;titulo-h3-servicios&#8221;]<\/p>\n<h3>Biotalent Platform<\/h3>\n<p>[\/vc_column_text][vc_column_text]A collaborative tool that effectively connects the supply and demand of labor in the biotechnology sector.[\/vc_column_text][vc_column_text]<\/p>\n<p style=\"text-align: left;\"><a class=\"btn\" href=\"https:\/\/bioga.viterbit.site\/\">Access the Platform<\/a><\/p>\n<p>[\/vc_column_text][\/vc_column_inner][vc_column_inner el_class=&#8221;card-servicio&#8221; width=&#8221;1\/4&#8243;][vc_single_image image=&#8221;7839&#8243; el_class=&#8221;img-servicios&#8221;][vc_column_text el_class=&#8221;titulo-h3-servicios&#8221;]<\/p>\n<h3>Biotalent Networking: Job Opportunities Day<\/h3>\n<p>[\/vc_column_text][vc_column_text]Design, planning and execution of a professional networking action to highlight emerging job opportunities in the Galician biotechnology ecosystem.[\/vc_column_text][\/vc_column_inner][vc_column_inner el_class=&#8221;card-servicio&#8221; width=&#8221;1\/4&#8243;][vc_single_image image=&#8221;7842&#8243; el_class=&#8221;img-servicios&#8221;][vc_column_text el_class=&#8221;titulo-h3-servicios&#8221;]<\/p>\n<h3>Company visits<\/h3>\n<p>[\/vc_column_text][vc_column_text]Comprehensive organization of visits to partner companies for universities, training centers, and professionals who wish to learn in depth about the activities of the sector.[\/vc_column_text][vc_column_text]<\/p>\n<p style=\"text-align: left;\"><a class=\"btn\" href=\"\/en\/conectando-la-universidad-con-la-industria-biotecnologica\/\">News<\/a><\/p>\n<p>[\/vc_column_text][\/vc_column_inner][vc_column_inner el_class=&#8221;card-servicio&#8221; width=&#8221;1\/4&#8243;][vc_single_image image=&#8221;7848&#8243; el_class=&#8221;img-servicios&#8221;][vc_column_text el_class=&#8221;titulo-h3-servicios&#8221;]<\/p>\n<h3>Mentoring Program<\/h3>\n<p>[\/vc_column_text][vc_column_text]It offers personalized support from cluster professionals, providing career guidance and fostering talent development and growth.[\/vc_column_text][\/vc_column_inner][\/vc_row_inner][vc_row_inner css=&#8221;.vc_custom_1764754329649{padding-top: 25px !important;}&#8221;][vc_column_inner el_class=&#8221;card-servicio&#8221; width=&#8221;1\/4&#8243;][vc_single_image image=&#8221;7851&#8243; el_class=&#8221;img-servicios&#8221;][vc_column_text el_class=&#8221;titulo-h3-servicios&#8221;]<\/p>\n<h3>Presence at events and job fairs<\/h3>\n<p>[\/vc_column_text][vc_column_text]Promotion of the biotechnology sector and dissemination of professional opportunities, strengthening the visibility of biotech talent in Galicia.[\/vc_column_text][\/vc_column_inner][vc_column_inner el_class=&#8221;card-servicio&#8221; width=&#8221;1\/4&#8243;][\/vc_column_inner][vc_column_inner el_class=&#8221;card-servicio&#8221; width=&#8221;1\/4&#8243;][\/vc_column_inner][vc_column_inner el_class=&#8221;card-servicio&#8221; width=&#8221;1\/4&#8243;][\/vc_column_inner][\/vc_row_inner][\/vc_column][\/vc_row][vc_row][vc_column][vc_column_text]<\/p>\n<h2>Collaborations and Initiatives<\/h2>\n<p>[\/vc_column_text][vc_row_inner][vc_column_inner el_class=&#8221;card-servicio&#8221; width=&#8221;1\/4&#8243;][vc_single_image image=&#8221;7857&#8243; css=&#8221;.vc_custom_1764754081367{padding-bottom: 0px !important;}&#8221; el_class=&#8221;img-servicios&#8221;][vc_column_text el_class=&#8221;titulo-h3-servicios&#8221;]<\/p>\n<h3><a href=\"https:\/\/iffe.es\/master\/gestion-de-empresas-biotecnologicas\/\">Master&#8217;s Degree in Management of Biotechnology Companies<\/a><\/h3>\n<p>[\/vc_column_text][vc_column_text]Coordination of the master&#8217;s program, taught through IFFE Business School, aimed at professionals from both the scientific and business fields who wish to specialize in the biotechnology sector.[\/vc_column_text][vc_column_text]<\/p>\n<p style=\"text-align: left;\"><a class=\"btn\" href=\"https:\/\/iffe.es\/master\/gestion-de-empresas-biotecnologicas\/\" target=\"_blank\" rel=\"noopener\">More info<\/a><\/p>\n<p>[\/vc_column_text][\/vc_column_inner][vc_column_inner el_class=&#8221;card-servicio&#8221; width=&#8221;1\/4&#8243;][vc_single_image image=&#8221;7839&#8243; el_class=&#8221;img-servicios&#8221;][vc_column_text el_class=&#8221;titulo-h3-servicios&#8221;]<\/p>\n<h3><a href=\"https:\/\/politecnicodesantiago.es\/gl\/cs-laco-dual\">Dual Vocational Training Laboratory for Analysis and Quality Control<\/a><\/h3>\n<p>[\/vc_column_text][vc_column_text]Promoting the program in collaboration with the CIFP Polit\u00e9cnico de Santiago de Compostela. Coordinating internships in partner companies of the cluster.[\/vc_column_text][vc_column_text]<\/p>\n<p style=\"text-align: left;\"><a class=\"btn\" href=\"\/en\/bioga-continua-su-compromiso-con-la-fp-dual\/\" target=\"_blank\" rel=\"noopener\">News<\/a><\/p>\n<p>[\/vc_column_text][\/vc_column_inner][vc_column_inner el_class=&#8221;card-servicio&#8221; width=&#8221;1\/4&#8243;][vc_single_image image=&#8221;7842&#8243; el_class=&#8221;img-servicios&#8221;][vc_column_text el_class=&#8221;titulo-h3-servicios&#8221;]<\/p>\n<h3>Internship agreement with the University of Santiago de Compostela (USC)<\/h3>\n<p>[\/vc_column_text][vc_column_text]Participation with internship programs in cluster partner companies through different undergraduate and master&#8217;s degrees, promoting the connection between academic training and the professional sector.[\/vc_column_text][vc_column_text]<\/p>\n<p style=\"text-align: left;\"><a class=\"btn\" href=\"\/wp-content\/uploads\/2026\/01\/BIOGA\u2013USC-External-Internship-Agreement.pdf\" target=\"_blank\" rel=\"noopener\">List of companies<\/a><\/p>\n<p>[\/vc_column_text][\/vc_column_inner][vc_column_inner el_class=&#8221;card-servicio&#8221; width=&#8221;1\/4&#8243;][vc_single_image image=&#8221;7848&#8243; el_class=&#8221;img-servicios&#8221;][vc_column_text el_class=&#8221;titulo-h3-servicios&#8221;]<\/p>\n<h3>Collaboration with university degrees and master&#8217;s programs<\/h3>\n<p>[\/vc_column_text][vc_column_text]Organization of conferences, visits, advice and support for university degrees, promoting academic talent and bringing it closer to the business environment of the biotechnology sector.[\/vc_column_text][\/vc_column_inner][\/vc_row_inner][vc_row_inner css=&#8221;.vc_custom_1764754329649{padding-top: 25px !important;}&#8221;][vc_column_inner el_class=&#8221;card-servicio&#8221; width=&#8221;1\/4&#8243;][vc_single_image image=&#8221;7851&#8243; el_class=&#8221;img-servicios&#8221;][vc_column_text el_class=&#8221;titulo-h3-servicios&#8221;]<\/p>\n<h3>Mentoring Programs<\/h3>\n<p>[\/vc_column_text][vc_column_text]Active participation of our team in the different mentoring programs of Galicia (Xuventude Mentoring and Mentoring USC).[\/vc_column_text][vc_column_text]<\/p>\n<p style=\"text-align: left;\"><a class=\"btn\" href=\"\/en\/conectando-talento-y-biotecnologia-xuventude-mentoring\/\" target=\"_blank\" rel=\"noopener\">News<\/a><\/p>\n<p>[\/vc_column_text][\/vc_column_inner][vc_column_inner el_class=&#8221;card-servicio&#8221; width=&#8221;1\/4&#8243;][\/vc_column_inner][vc_column_inner el_class=&#8221;card-servicio&#8221; width=&#8221;1\/4&#8243;][\/vc_column_inner][vc_column_inner el_class=&#8221;card-servicio&#8221; width=&#8221;1\/4&#8243;][\/vc_column_inner][\/vc_row_inner][\/vc_column][\/vc_row][vc_row css=&#8221;.vc_custom_1764756052632{background-color: #eaeaea !important;}&#8221;][vc_column width=&#8221;1\/2&#8243;][vc_column_text el_class=&#8221;titulo-h2-servicios&#8221;]<\/p>\n<h2>Are you interested in any of our services?<\/h2>\n<p>[\/vc_column_text][vc_column_text el_class=&#8221;titulo-h2-servicios&#8221;]<\/p>\n<h2>Contact us and we will provide you with more information.<\/h2>\n<p>[\/vc_column_text][\/vc_column][vc_column width=&#8221;1\/2&#8243;][vc_raw_html el_class=&#8221;formulario-servicios&#8221;]JTVCY29udGFjdC1mb3JtLTclMjBpZCUzRCUyMjBkM2IzMTElMjIlMjB0aXRsZSUzRCUyMkZvcm11bGFyaW8lMjBzZXJ2aWNpb3NfZW4lMjIlNUQ=[\/vc_raw_html][\/vc_column][\/vc_row]<\/p>\n","protected":false},"excerpt":{"rendered":"<p>[vc_row full_height=&#8221;yes&#8221; css=&#8221;.vc_custom_1764747335045{background-image: url(https:\/\/www.bioga.org\/wp-content\/uploads\/2025\/12\/hero-Section-scaled.webp?id=7830) !important;}&#8221;][vc_column][vc_column_text el_class=&#8221;titulo-servicios&#8221;] Bioga Talent Area Service [\/vc_column_text][vc_column_text] Bioga&#8217;s Talent Area aims to strengthen human capital in Galician&#8230;<\/p>\n","protected":false},"author":1,"featured_media":0,"parent":0,"menu_order":0,"comment_status":"closed","ping_status":"closed","template":"","meta":{"footnotes":"","_links_to":"","_links_to_target":""},"class_list":["post-8005","page","type-page","status-publish","hentry"],"yoast_head":"<!-- This site is optimized with the Yoast SEO plugin v21.7 - https:\/\/yoast.com\/wordpress\/plugins\/seo\/ -->\n<title>Bioga Talent Area Service | Bioga<\/title>\n<meta name=\"description\" content=\"Bioga&#039;s Talent Area aims to strengthen human capital in Galician biotechnology by connecting academic training with industry needs.\" \/>\n<meta name=\"robots\" content=\"index, follow, max-snippet:-1, max-image-preview:large, max-video-preview:-1\" \/>\n<link rel=\"canonical\" href=\"https:\/\/www.bioga.org\/en\/servicio-area-talento-bioga\/\" \/>\n<meta property=\"og:locale\" content=\"en_US\" \/>\n<meta property=\"og:type\" content=\"article\" \/>\n<meta property=\"og:title\" content=\"Bioga Talent Area Service | Bioga\" \/>\n<meta property=\"og:description\" content=\"Bioga&#039;s Talent Area aims to strengthen human capital in Galician biotechnology by connecting academic training with industry needs.\" \/>\n<meta property=\"og:url\" content=\"https:\/\/www.bioga.org\/en\/servicio-area-talento-bioga\/\" \/>\n<meta property=\"og:site_name\" content=\"Bioga\" \/>\n<meta property=\"article:publisher\" content=\"https:\/\/www.facebook.com\/BiogaGalicia\/\" \/>\n<meta property=\"article:modified_time\" content=\"2026-01-27T07:17:34+00:00\" \/>\n<meta property=\"og:image\" content=\"https:\/\/www.bioga.org\/wp-content\/uploads\/2022\/09\/SEOFB-bioga.jpg\" \/>\n\t<meta property=\"og:image:width\" content=\"2400\" \/>\n\t<meta property=\"og:image:height\" content=\"1261\" \/>\n\t<meta property=\"og:image:type\" content=\"image\/jpeg\" \/>\n<meta name=\"twitter:card\" content=\"summary_large_image\" \/>\n<meta name=\"twitter:site\" content=\"@BiogaGalicia\" \/>\n<meta name=\"twitter:label1\" content=\"Est. reading time\" \/>\n\t<meta name=\"twitter:data1\" content=\"5 minutes\" \/>\n<script type=\"application\/ld+json\" class=\"yoast-schema-graph\">{\"@context\":\"https:\/\/schema.org\",\"@graph\":[{\"@type\":\"WebPage\",\"@id\":\"https:\/\/www.bioga.org\/en\/servicio-area-talento-bioga\/\",\"url\":\"https:\/\/www.bioga.org\/en\/servicio-area-talento-bioga\/\",\"name\":\"Bioga Talent Area Service | Bioga\",\"isPartOf\":{\"@id\":\"https:\/\/www.bioga.org\/#website\"},\"datePublished\":\"2026-01-12T08:47:22+00:00\",\"dateModified\":\"2026-01-27T07:17:34+00:00\",\"description\":\"Bioga's Talent Area aims to strengthen human capital in Galician biotechnology by connecting academic training with industry needs.\",\"breadcrumb\":{\"@id\":\"https:\/\/www.bioga.org\/en\/servicio-area-talento-bioga\/#breadcrumb\"},\"inLanguage\":\"en-US\",\"potentialAction\":[{\"@type\":\"ReadAction\",\"target\":[\"https:\/\/www.bioga.org\/en\/servicio-area-talento-bioga\/\"]}]},{\"@type\":\"BreadcrumbList\",\"@id\":\"https:\/\/www.bioga.org\/en\/servicio-area-talento-bioga\/#breadcrumb\",\"itemListElement\":[{\"@type\":\"ListItem\",\"position\":1,\"name\":\"Home\",\"item\":\"https:\/\/www.bioga.org\/en\/\"},{\"@type\":\"ListItem\",\"position\":2,\"name\":\"Bioga Talent Area Service\"}]},{\"@type\":\"WebSite\",\"@id\":\"https:\/\/www.bioga.org\/#website\",\"url\":\"https:\/\/www.bioga.org\/\",\"name\":\"Bioga\",\"description\":\"Cl\u00faster Tecnol\u00f3xico Empresarial das Ciencias da Vida\",\"publisher\":{\"@id\":\"https:\/\/www.bioga.org\/#organization\"},\"potentialAction\":[{\"@type\":\"SearchAction\",\"target\":{\"@type\":\"EntryPoint\",\"urlTemplate\":\"https:\/\/www.bioga.org\/?s={search_term_string}\"},\"query-input\":\"required name=search_term_string\"}],\"inLanguage\":\"en-US\"},{\"@type\":\"Organization\",\"@id\":\"https:\/\/www.bioga.org\/#organization\",\"name\":\"Bioga\",\"url\":\"https:\/\/www.bioga.org\/\",\"logo\":{\"@type\":\"ImageObject\",\"inLanguage\":\"en-US\",\"@id\":\"https:\/\/www.bioga.org\/#\/schema\/logo\/image\/\",\"url\":\"https:\/\/www.bioga.org\/wp-content\/uploads\/2022\/06\/bioga-logo-color-lg.svg\",\"contentUrl\":\"https:\/\/www.bioga.org\/wp-content\/uploads\/2022\/06\/bioga-logo-color-lg.svg\",\"width\":121,\"height\":41,\"caption\":\"Bioga\"},\"image\":{\"@id\":\"https:\/\/www.bioga.org\/#\/schema\/logo\/image\/\"},\"sameAs\":[\"https:\/\/www.facebook.com\/BiogaGalicia\/\",\"https:\/\/twitter.com\/BiogaGalicia\",\"https:\/\/www.linkedin.com\/company\/\",\"https:\/\/www.instagram.com\/biogagalicia\/\"]}]}<\/script>\n<!-- \/ Yoast SEO plugin. -->","yoast_head_json":{"title":"Bioga Talent Area Service | Bioga","description":"Bioga's Talent Area aims to strengthen human capital in Galician biotechnology by connecting academic training with industry needs.","robots":{"index":"index","follow":"follow","max-snippet":"max-snippet:-1","max-image-preview":"max-image-preview:large","max-video-preview":"max-video-preview:-1"},"canonical":"https:\/\/www.bioga.org\/en\/servicio-area-talento-bioga\/","og_locale":"en_US","og_type":"article","og_title":"Bioga Talent Area Service | Bioga","og_description":"Bioga's Talent Area aims to strengthen human capital in Galician biotechnology by connecting academic training with industry needs.","og_url":"https:\/\/www.bioga.org\/en\/servicio-area-talento-bioga\/","og_site_name":"Bioga","article_publisher":"https:\/\/www.facebook.com\/BiogaGalicia\/","article_modified_time":"2026-01-27T07:17:34+00:00","og_image":[{"width":2400,"height":1261,"url":"https:\/\/www.bioga.org\/wp-content\/uploads\/2022\/09\/SEOFB-bioga.jpg","type":"image\/jpeg"}],"twitter_card":"summary_large_image","twitter_site":"@BiogaGalicia","twitter_misc":{"Est. reading time":"5 minutes"},"schema":{"@context":"https:\/\/schema.org","@graph":[{"@type":"WebPage","@id":"https:\/\/www.bioga.org\/en\/servicio-area-talento-bioga\/","url":"https:\/\/www.bioga.org\/en\/servicio-area-talento-bioga\/","name":"Bioga Talent Area Service | Bioga","isPartOf":{"@id":"https:\/\/www.bioga.org\/#website"},"datePublished":"2026-01-12T08:47:22+00:00","dateModified":"2026-01-27T07:17:34+00:00","description":"Bioga's Talent Area aims to strengthen human capital in Galician biotechnology by connecting academic training with industry needs.","breadcrumb":{"@id":"https:\/\/www.bioga.org\/en\/servicio-area-talento-bioga\/#breadcrumb"},"inLanguage":"en-US","potentialAction":[{"@type":"ReadAction","target":["https:\/\/www.bioga.org\/en\/servicio-area-talento-bioga\/"]}]},{"@type":"BreadcrumbList","@id":"https:\/\/www.bioga.org\/en\/servicio-area-talento-bioga\/#breadcrumb","itemListElement":[{"@type":"ListItem","position":1,"name":"Home","item":"https:\/\/www.bioga.org\/en\/"},{"@type":"ListItem","position":2,"name":"Bioga Talent Area Service"}]},{"@type":"WebSite","@id":"https:\/\/www.bioga.org\/#website","url":"https:\/\/www.bioga.org\/","name":"Bioga","description":"Cl\u00faster Tecnol\u00f3xico Empresarial das Ciencias da Vida","publisher":{"@id":"https:\/\/www.bioga.org\/#organization"},"potentialAction":[{"@type":"SearchAction","target":{"@type":"EntryPoint","urlTemplate":"https:\/\/www.bioga.org\/?s={search_term_string}"},"query-input":"required name=search_term_string"}],"inLanguage":"en-US"},{"@type":"Organization","@id":"https:\/\/www.bioga.org\/#organization","name":"Bioga","url":"https:\/\/www.bioga.org\/","logo":{"@type":"ImageObject","inLanguage":"en-US","@id":"https:\/\/www.bioga.org\/#\/schema\/logo\/image\/","url":"https:\/\/www.bioga.org\/wp-content\/uploads\/2022\/06\/bioga-logo-color-lg.svg","contentUrl":"https:\/\/www.bioga.org\/wp-content\/uploads\/2022\/06\/bioga-logo-color-lg.svg","width":121,"height":41,"caption":"Bioga"},"image":{"@id":"https:\/\/www.bioga.org\/#\/schema\/logo\/image\/"},"sameAs":["https:\/\/www.facebook.com\/BiogaGalicia\/","https:\/\/twitter.com\/BiogaGalicia","https:\/\/www.linkedin.com\/company\/","https:\/\/www.instagram.com\/biogagalicia\/"]}]}},"_links":{"self":[{"href":"https:\/\/www.bioga.org\/en\/wp-json\/wp\/v2\/pages\/8005","targetHints":{"allow":["GET"]}}],"collection":[{"href":"https:\/\/www.bioga.org\/en\/wp-json\/wp\/v2\/pages"}],"about":[{"href":"https:\/\/www.bioga.org\/en\/wp-json\/wp\/v2\/types\/page"}],"author":[{"embeddable":true,"href":"https:\/\/www.bioga.org\/en\/wp-json\/wp\/v2\/users\/1"}],"replies":[{"embeddable":true,"href":"https:\/\/www.bioga.org\/en\/wp-json\/wp\/v2\/comments?post=8005"}],"version-history":[{"count":13,"href":"https:\/\/www.bioga.org\/en\/wp-json\/wp\/v2\/pages\/8005\/revisions"}],"predecessor-version":[{"id":8185,"href":"https:\/\/www.bioga.org\/en\/wp-json\/wp\/v2\/pages\/8005\/revisions\/8185"}],"wp:attachment":[{"href":"https:\/\/www.bioga.org\/en\/wp-json\/wp\/v2\/media?parent=8005"}],"curies":[{"name":"wp","href":"https:\/\/api.w.org\/{rel}","templated":true}]}}