{"id":4065,"date":"2022-09-09T10:28:15","date_gmt":"2022-09-09T08:28:15","guid":{"rendered":"https:\/\/www.bioga.org\/contrataciones\/"},"modified":"2026-03-25T13:01:17","modified_gmt":"2026-03-25T12:01:17","slug":"hiring","status":"publish","type":"page","link":"https:\/\/www.bioga.org\/en\/hiring\/","title":{"rendered":"Hiring"},"content":{"rendered":"<p>[vc_row foundry_padding=\u201dpb0\u2033][vc_column][vc_column_text]<\/p>\n<h1>Hiring<\/h1>\n<p>[\/vc_column_text][\/vc_column][\/vc_row][vc_row el_class=\u201dbio-row-projects\u201d][vc_column][vc_row_inner][vc_column_inner width=\u201d1\/2\u2033][vc_column_text]<\/p>\n<h2>Recruitment instructions<\/h2>\n<p><a class=\"btn\" href=\"\/wp-content\/uploads\/2022\/09\/211027-IIC-bioga-def.pdf\" target=\"_blank\" rel=\"noopener\">Download<\/a>[\/vc_column_text][\/vc_column_inner][vc_column_inner el_class=\u201dbio-item-project\u201d width=\u201d1\/2\u2033][vc_column_text]<\/p>\n<h5>Billing data<\/h5>\n<h4><strong>Association:<\/strong> BIOGA \u2013 CLUSTER TECNOL\u00d3XICO EMPRESARIAL DAS CIENCIAS DA VIDA<\/h4>\n<p><strong>NIF:<\/strong> G70259312<br \/>\n<strong>Registered office<\/strong>: R\u00faa Olmos 5, 3\u00ba, 15003, A Coru\u00f1a[\/vc_column_text][\/vc_column_inner][\/vc_row_inner][vc_row_inner][vc_column_inner el_class=\u201dbio-item-project\u201d][vc_column_text]<\/p>\n<h4>DOCUMENT OF ADMINISTRATIVE AND TECHNICAL PRESCRIPTIONS FOR THE AWARD THROUGH AN OPEN PROCEDURE OF A SERVICE CONTRACT OF SERVICE TASKS<\/h4>\n<p><em>Publication date: 01\/22\/2026<\/em><\/p>\n<p>Elaboration of the Communication Plan of the CLIRAQUA project<\/p>\n<p>Funded through the Interreg Atlantic Area program and the European Regional Development Fund (FEDER)<\/p>\n<p>Open until: 06\/02\/2026<\/p>\n<p><a href=\"https:\/\/clusterbioga-my.sharepoint.com\/:b:\/g\/personal\/loli_bioga_org\/IQDKjgQkvzibQIIH8Uph3v9fATj0SLT7OFTDjSClJx-bFkc?e=rzkJI9\">Download specifications<\/a><\/p>\n<p><a href=\"https:\/\/clusterbioga-my.sharepoint.com\/:b:\/g\/personal\/loli_bioga_org\/IQBf4DmmUhs-RpyJXvMBtSg-Ae8Pmsbn4-paYheWsbRuJV8?e=i8weZR\">Extension of deadline \/ Clarification of doubts (23\/01\/2026 09:03)<\/a><\/p>\n<p><img loading=\"lazy\" decoding=\"async\" class=\"wp-image-6112 size-medium aligncenter\" src=\"https:\/\/www.bioga.org\/wp-content\/uploads\/2024\/05\/Bioga-GAIN-e1764865025488-300x105.png\" alt=\"\" width=\"300\" height=\"105\" srcset=\"https:\/\/www.bioga.org\/wp-content\/uploads\/2024\/05\/Bioga-GAIN-e1764865025488-300x105.png 300w, https:\/\/www.bioga.org\/wp-content\/uploads\/2024\/05\/Bioga-GAIN-e1764865025488-1024x358.png 1024w, https:\/\/www.bioga.org\/wp-content\/uploads\/2024\/05\/Bioga-GAIN-e1764865025488-768x268.png 768w, https:\/\/www.bioga.org\/wp-content\/uploads\/2024\/05\/Bioga-GAIN-e1764865025488-1536x537.png 1536w, https:\/\/www.bioga.org\/wp-content\/uploads\/2024\/05\/Bioga-GAIN-e1764865025488.png 1700w\" sizes=\"auto, (max-width: 300px) 100vw, 300px\" \/><img loading=\"lazy\" decoding=\"async\" class=\"size-medium wp-image-7887 aligncenter\" src=\"https:\/\/www.bioga.org\/wp-content\/uploads\/2025\/12\/Captura-de-pantalla-2025-12-04-180406-300x50.png\" alt=\"\" width=\"300\" height=\"50\" srcset=\"https:\/\/www.bioga.org\/wp-content\/uploads\/2025\/12\/Captura-de-pantalla-2025-12-04-180406-300x50.png 300w, https:\/\/www.bioga.org\/wp-content\/uploads\/2025\/12\/Captura-de-pantalla-2025-12-04-180406.png 631w\" sizes=\"auto, (max-width: 300px) 100vw, 300px\" \/>[\/vc_column_text][\/vc_column_inner][\/vc_row_inner][vc_row_inner][vc_column_inner el_class=\u201dbio-item-project\u201d][vc_column_text]<\/p>\n<h4>DOCUMENT OF ADMINISTRATIVE AND TECHNICAL PRESCRIPTIONS FOR THE AWARD THROUGH AN OPEN PROCEDURE OF A SERVICE CONTRACT OF SERVICE TASKS<\/h4>\n<p><em>Date of publication: 04\/12\/2025<\/em><\/p>\n<p>Preparation of the Communication Plan for the BIOCHAINS Atlantic project<\/p>\n<p>Funded through the Interreg Atlantic Area program and the European Regional Development Fund (FEDER)<\/p>\n<p>Open until: 18\/12\/2025<\/p>\n<p><a href=\"https:\/\/clusterbioga-my.sharepoint.com\/:b:\/g\/personal\/loli_bioga_org\/IQBK_CNj-Lz-R7bfy0C74G4VAWcCaeXuRZCCyAsEVclIWNM?e=R6QKdM\">Download specifications<\/a><\/p>\n<p><img loading=\"lazy\" decoding=\"async\" class=\"wp-image-6112 size-medium aligncenter\" src=\"https:\/\/www.bioga.org\/wp-content\/uploads\/2024\/05\/Bioga-GAIN-e1764865025488-300x105.png\" alt=\"\" width=\"300\" height=\"105\" srcset=\"https:\/\/www.bioga.org\/wp-content\/uploads\/2024\/05\/Bioga-GAIN-e1764865025488-300x105.png 300w, https:\/\/www.bioga.org\/wp-content\/uploads\/2024\/05\/Bioga-GAIN-e1764865025488-1024x358.png 1024w, https:\/\/www.bioga.org\/wp-content\/uploads\/2024\/05\/Bioga-GAIN-e1764865025488-768x268.png 768w, https:\/\/www.bioga.org\/wp-content\/uploads\/2024\/05\/Bioga-GAIN-e1764865025488-1536x537.png 1536w, https:\/\/www.bioga.org\/wp-content\/uploads\/2024\/05\/Bioga-GAIN-e1764865025488.png 1700w\" sizes=\"auto, (max-width: 300px) 100vw, 300px\" \/><img loading=\"lazy\" decoding=\"async\" class=\"size-medium wp-image-7887 aligncenter\" src=\"https:\/\/www.bioga.org\/wp-content\/uploads\/2025\/12\/Captura-de-pantalla-2025-12-04-180406-300x50.png\" alt=\"\" width=\"300\" height=\"50\" srcset=\"https:\/\/www.bioga.org\/wp-content\/uploads\/2025\/12\/Captura-de-pantalla-2025-12-04-180406-300x50.png 300w, https:\/\/www.bioga.org\/wp-content\/uploads\/2025\/12\/Captura-de-pantalla-2025-12-04-180406.png 631w\" sizes=\"auto, (max-width: 300px) 100vw, 300px\" \/>[\/vc_column_text][\/vc_column_inner][\/vc_row_inner][vc_row_inner][vc_column_inner el_class=\u201dbio-item-project\u201d][vc_column_text]<\/p>\n<h4>SPECIFICATION OF ADMINISTRATIVE AND TECHNICAL PRESCRIPTIONS FOR THE AWARD THROUGH AN OPEN PROCEDURE OF A SERVICE CONTRACT FOR \u201cDEVELOPMENT OF THE BIOTECHNOLOGY EXCELLENCE STRATEGY IN GALICIA 2026-2030\u201d<\/h4>\n<p><em>Date of publication: 01\/10\/2025<\/em><\/p>\n<p>Bioga collaborates with the Galician Innovation Agency through an agreement for the development of the Biotechnology Excellence Strategy in Galicia 2026-2030.<\/p>\n<p>Open until: 13\/10\/2025<\/p>\n<p><a href=\"https:\/\/clusterbioga-my.sharepoint.com\/:b:\/g\/personal\/loli_bioga_org\/EWN7-Drc00pKm_0HBBQIB_QB7ugJ320qQkzS0XU4tD4ooQ?e=8ybCVx\">Download specifications<\/a><\/p>\n<p>\u00a0<\/p>\n<p><img loading=\"lazy\" decoding=\"async\" class=\"wp-image-6112 aligncenter\" src=\"https:\/\/www.bioga.org\/wp-content\/uploads\/2024\/05\/Bioga-GAIN.png\" alt=\"\" width=\"435\" height=\"79\" \/>[\/vc_column_text][\/vc_column_inner][\/vc_row_inner][vc_row_inner][vc_column_inner el_class=\u201dbio-item-project\u201d][vc_column_text]<\/p>\n<h4>Sheet of administrative and technical prescriptions for awarding through an open procedure a service contract for tasks of the Collaboration Agreement between the Galician Innovation Agency and the Bioga Association, Business Technology Cluster of the Life Sciences for the implementation of an activity plan to promote competitiveness, innovation and transfer in the Galician business fabric of the biotechnology sector in the period 2024-2025<\/h4>\n<p><strong>Action 1.1 Support in benchmarking studies with other bioregions and innovative practices at an international level: <\/strong>consultancy service for comparative studies with other European bioregions and support in the development of good practices between bioregions and homologous entities in the dynamism of regional ecosystems at an international level.<\/p>\n<p><em>Publication date: 05\/27\/2024<\/em><\/p>\n<p>The association BIOGA, Business Technological Cluster of Life Sciences has been the main beneficiary of a collaboration agreement between the Galician Innovation Agency and the Bioga association, Business Technological Cluster of Life Sciences for the implementation of an activity plan to promote competitiveness, innovation and transfer in the Galician business fabric of the biotechnology sector in the period 2024-2025. The actions to be developed under this agreement will be aimed at:<\/p>\n<ul>\n<li>External services for advice and support in matters of innovation<\/li>\n<li>Service related to the operation of BIOGA activities.<\/li>\n<\/ul>\n<p>The time horizon of the Agreement for the execution of activities covers the years 2024 and 2025.<\/p>\n<p><em>Open until: 11\/06\/2024<\/em><\/p>\n<p><a class=\"btn\" href=\"https:\/\/www.bioga.org\/wp-content\/uploads\/2024\/05\/Licitacion-Expediente-BIOGA_002_2024_benchmarking.pdf\" target=\"_blank\" rel=\"noopener\">Download specifications<\/a><\/p>\n<p><a href=\"https:\/\/www.bioga.org\/wp-content\/uploads\/2024\/05\/Resolucion-de-Dudas_Expediente-BIOGA_002_2024_Benchmarking.pdf\"><strong>Clarification of doubts (30\/05\/2024, 17:45h)<\/strong><\/a><\/p>\n<p><strong><a href=\"https:\/\/www.bioga.org\/wp-content\/uploads\/2024\/06\/Resolucion-de-Dudas_Expediente-BIOGA_002_2024_Benchmarking.pdf\">Clarification of doubts (10\/06\/2024, 19:00h)<\/a><\/strong><\/p>\n<p>\u00a0<\/p>\n<p><img loading=\"lazy\" decoding=\"async\" class=\"wp-image-6112 aligncenter\" src=\"https:\/\/www.bioga.org\/wp-content\/uploads\/2024\/05\/Bioga-GAIN.png\" alt=\"\" width=\"435\" height=\"79\" \/>[\/vc_column_text][\/vc_column_inner][\/vc_row_inner][vc_row_inner][vc_column_inner el_class=\u201dbio-item-project\u201d][vc_column_text]<\/p>\n<h4>Sheet of administrative and technical prescriptions for awarding through an open procedure a service contract for tasks of the Collaboration Agreement between the Galician Innovation Agency and the Bioga Association, Business Technology Cluster of the Life Sciences for the implementation of an activity plan to promote competitiveness, innovation and transfer in the Galician business fabric of the biotechnology sector in the period 2024-2025<\/h4>\n<p><strong>Action 1.2 Support for the generation of European projects:<\/strong><\/p>\n<p>Implementation of good practices and tools that make the agents of the Galician biotechnological ecosystem more competitive through the channeling of mechanisms managed by BIOGA that facilitate the launch of open calls to obtain more funding, with the aim of supporting the training of European projects and the strategy of raising public and private funds.<\/p>\n<p><em>Publication date: 05\/27\/2024<\/em><\/p>\n<p>The association BIOGA, Business Technological Cluster of Life Sciences has been the main beneficiary of a collaboration agreement between the Galician Innovation Agency and the Bioga association, Business Technological Cluster of Life Sciences for the implementation of an activity plan to promote competitiveness, innovation and transfer in the Galician business fabric of the biotechnology sector in the period 2024-2025. The actions to be developed under this agreement will be aimed at:<\/p>\n<ul>\n<li>External services for advice and support in matters of innovation<\/li>\n<li>Service related to the operation of BIOGA activities.<\/li>\n<\/ul>\n<p>The time horizon of the Agreement for the execution of activities covers the years 2024 and 2025.<\/p>\n<p>Open until: 11\/06\/2024<\/p>\n<p><a class=\"btn\" href=\"https:\/\/www.bioga.org\/wp-content\/uploads\/2024\/05\/Licitacion-Expediente-BIOGA_003_2024_proyectos.pdf\" target=\"_blank\" rel=\"noopener\">Download specifications<\/a><\/p>\n<p><a href=\"https:\/\/www.bioga.org\/wp-content\/uploads\/2024\/05\/Resolucion-de-Dudas_Expediente-BIOGA_003_2024_Proyectos.pdf\"><strong>Clarification of doubts (30\/05\/2024, 17:45h)<\/strong><\/a><\/p>\n<p><strong><a href=\"https:\/\/www.bioga.org\/wp-content\/uploads\/2024\/06\/Resolucion-de-Dudas_Expediente-BIOGA_003_2024_Proyectos.pdf\">Clarification of doubts (10\/06\/2024, 19:00h)<\/a><\/strong><\/p>\n<p>\u00a0<\/p>\n<p><img loading=\"lazy\" decoding=\"async\" class=\"wp-image-6112 aligncenter\" src=\"https:\/\/www.bioga.org\/wp-content\/uploads\/2024\/05\/Bioga-GAIN.png\" alt=\"\" width=\"435\" height=\"79\" \/>[\/vc_column_text][\/vc_column_inner][\/vc_row_inner][vc_row_inner][vc_column_inner el_class=\u201dbio-item-project\u201d][vc_column_text]<\/p>\n<h4>Sheet of administrative and technical prescriptions for awarding through an open procedure a service contract for tasks of the IBERO BIO project<\/h4>\n<p><em>Publication date: 11\/21\/2023<\/em><\/p>\n<p>The association BIOGA, Business Technological Cluster of Life Sciences has been the main beneficiary of a European cross-border cooperation project (POCTEP), called IBERO BIO. The project has a notification of final resolution.<\/p>\n<p>BIOGA, as specified in the application for the POCTEP project, considers it necessary to hire the services of an external entity that allows certain activities and actions to be carried out during the project period within the schedule established in the project.<\/p>\n<p>Project Code: <strong>0041_IBERO_BIO_6_E<\/strong><\/p>\n<p>Open until: 28\/11\/2023 at 2:00 p.m<\/p>\n<p><a class=\"btn\" href=\"https:\/\/www.bioga.org\/wp-content\/uploads\/2023\/11\/Pliegos-Servicios-IBERO-BIO-vf.pdf\" target=\"_blank\" rel=\"noopener\">Download specifications<\/a><\/p>\n<p>\u00a0<\/p>\n<p><img loading=\"lazy\" decoding=\"async\" class=\"aligncenter wp-image-4783\" src=\"https:\/\/www.bioga.org\/wp-content\/uploads\/2023\/11\/logo_iberobio_interreg-1.png\" alt=\"\" width=\"494\" height=\"123\" \/>[\/vc_column_text][\/vc_column_inner][\/vc_row_inner][\/vc_column][vc_column][\/vc_column][vc_column][\/vc_column][\/vc_row]<\/p>\n","protected":false},"excerpt":{"rendered":"<p>[vc_row foundry_padding=\u201dpb0\u2033][vc_column][vc_column_text] Hiring [\/vc_column_text][\/vc_column][\/vc_row][vc_row el_class=\u201dbio-row-projects\u201d][vc_column][vc_row_inner][vc_column_inner width=\u201d1\/2\u2033][vc_column_text] Recruitment instructions Download[\/vc_column_text][\/vc_column_inner][vc_column_inner el_class=\u201dbio-item-project\u201d width=\u201d1\/2\u2033][vc_column_text] Billing data Association: BIOGA \u2013 CLUSTER TECNOL\u00d3XICO EMPRESARIAL DAS CIENCIAS&#8230;<\/p>\n","protected":false},"author":1,"featured_media":0,"parent":0,"menu_order":0,"comment_status":"closed","ping_status":"closed","template":"","meta":{"footnotes":"","_links_to":"","_links_to_target":""},"class_list":["post-4065","page","type-page","status-publish","hentry"],"yoast_head":"<!-- This site is optimized with the Yoast SEO plugin v27.5 - https:\/\/yoast.com\/product\/yoast-seo-wordpress\/ -->\n<title>Hiring | Bioga<\/title>\n<meta name=\"description\" content=\"Consulta las instrucciones y los datos de facturaci\u00f3n de contrataci\u00f3n en nuestra web, para m\u00e1s informaci\u00f3n ponte en contacto con nosotros.\" \/>\n<meta name=\"robots\" content=\"index, follow, max-snippet:-1, max-image-preview:large, max-video-preview:-1\" \/>\n<link rel=\"canonical\" href=\"https:\/\/www.bioga.org\/en\/hiring\/\" \/>\n<meta property=\"og:locale\" content=\"en_US\" \/>\n<meta property=\"og:type\" content=\"article\" \/>\n<meta property=\"og:title\" content=\"Contrataciones | Bioga\" \/>\n<meta property=\"og:description\" content=\"Consulta las instrucciones y los datos de facturaci\u00f3n de contrataci\u00f3n en nuestra web, para m\u00e1s informaci\u00f3n ponte en contacto con nosotros.\" \/>\n<meta property=\"og:url\" content=\"https:\/\/www.bioga.org\/en\/hiring\/\" \/>\n<meta property=\"og:site_name\" content=\"Bioga\" \/>\n<meta property=\"article:publisher\" content=\"https:\/\/www.facebook.com\/BiogaGalicia\/\" \/>\n<meta property=\"article:modified_time\" content=\"2026-03-25T12:01:17+00:00\" \/>\n<meta property=\"og:image\" content=\"https:\/\/www.bioga.org\/wp-content\/uploads\/2022\/09\/SEOFB-bioga.jpg\" \/>\n\t<meta property=\"og:image:width\" content=\"2400\" \/>\n\t<meta property=\"og:image:height\" content=\"1261\" \/>\n\t<meta property=\"og:image:type\" content=\"image\/jpeg\" \/>\n<meta name=\"twitter:card\" content=\"summary_large_image\" \/>\n<meta name=\"twitter:title\" content=\"Contrataciones | Bioga\" \/>\n<meta name=\"twitter:description\" content=\"Consulta las instrucciones y los datos de facturaci\u00f3n de contrataci\u00f3n en nuestra web, para m\u00e1s informaci\u00f3n ponte en contacto con nosotros.\" \/>\n<meta name=\"twitter:image\" content=\"https:\/\/www.bioga.org\/wp-content\/uploads\/2022\/09\/SEOTW-bioga.jpg\" \/>\n<meta name=\"twitter:site\" content=\"@BiogaGalicia\" \/>\n<meta name=\"twitter:label1\" content=\"Est. reading time\" \/>\n\t<meta name=\"twitter:data1\" content=\"6 minutes\" \/>\n<script type=\"application\/ld+json\" class=\"yoast-schema-graph\">{\"@context\":\"https:\\\/\\\/schema.org\",\"@graph\":[{\"@type\":\"WebPage\",\"@id\":\"https:\\\/\\\/www.bioga.org\\\/en\\\/hiring\\\/\",\"url\":\"https:\\\/\\\/www.bioga.org\\\/en\\\/hiring\\\/\",\"name\":\"Hiring | Bioga\",\"isPartOf\":{\"@id\":\"https:\\\/\\\/www.bioga.org\\\/#website\"},\"primaryImageOfPage\":{\"@id\":\"https:\\\/\\\/www.bioga.org\\\/en\\\/hiring\\\/#primaryimage\"},\"image\":{\"@id\":\"https:\\\/\\\/www.bioga.org\\\/en\\\/hiring\\\/#primaryimage\"},\"thumbnailUrl\":\"https:\\\/\\\/www.bioga.org\\\/wp-content\\\/uploads\\\/2024\\\/05\\\/Bioga-GAIN-e1764865025488-300x105.png\",\"datePublished\":\"2022-09-09T08:28:15+00:00\",\"dateModified\":\"2026-03-25T12:01:17+00:00\",\"description\":\"Consulta las instrucciones y los datos de facturaci\u00f3n de contrataci\u00f3n en nuestra web, para m\u00e1s informaci\u00f3n ponte en contacto con nosotros.\",\"breadcrumb\":{\"@id\":\"https:\\\/\\\/www.bioga.org\\\/en\\\/hiring\\\/#breadcrumb\"},\"inLanguage\":\"en-US\",\"potentialAction\":[{\"@type\":\"ReadAction\",\"target\":[\"https:\\\/\\\/www.bioga.org\\\/en\\\/hiring\\\/\"]}]},{\"@type\":\"ImageObject\",\"inLanguage\":\"en-US\",\"@id\":\"https:\\\/\\\/www.bioga.org\\\/en\\\/hiring\\\/#primaryimage\",\"url\":\"https:\\\/\\\/www.bioga.org\\\/wp-content\\\/uploads\\\/2024\\\/05\\\/Bioga-GAIN-e1764865025488-300x105.png\",\"contentUrl\":\"https:\\\/\\\/www.bioga.org\\\/wp-content\\\/uploads\\\/2024\\\/05\\\/Bioga-GAIN-e1764865025488-300x105.png\"},{\"@type\":\"BreadcrumbList\",\"@id\":\"https:\\\/\\\/www.bioga.org\\\/en\\\/hiring\\\/#breadcrumb\",\"itemListElement\":[{\"@type\":\"ListItem\",\"position\":1,\"name\":\"Home\",\"item\":\"https:\\\/\\\/www.bioga.org\\\/en\\\/\"},{\"@type\":\"ListItem\",\"position\":2,\"name\":\"Hiring\"}]},{\"@type\":\"WebSite\",\"@id\":\"https:\\\/\\\/www.bioga.org\\\/#website\",\"url\":\"https:\\\/\\\/www.bioga.org\\\/\",\"name\":\"Bioga\",\"description\":\"Cl\u00faster Tecnol\u00f3xico Empresarial das Ciencias da Vida\",\"publisher\":{\"@id\":\"https:\\\/\\\/www.bioga.org\\\/#organization\"},\"potentialAction\":[{\"@type\":\"SearchAction\",\"target\":{\"@type\":\"EntryPoint\",\"urlTemplate\":\"https:\\\/\\\/www.bioga.org\\\/?s={search_term_string}\"},\"query-input\":{\"@type\":\"PropertyValueSpecification\",\"valueRequired\":true,\"valueName\":\"search_term_string\"}}],\"inLanguage\":\"en-US\"},{\"@type\":\"Organization\",\"@id\":\"https:\\\/\\\/www.bioga.org\\\/#organization\",\"name\":\"Bioga\",\"url\":\"https:\\\/\\\/www.bioga.org\\\/\",\"logo\":{\"@type\":\"ImageObject\",\"inLanguage\":\"en-US\",\"@id\":\"https:\\\/\\\/www.bioga.org\\\/#\\\/schema\\\/logo\\\/image\\\/\",\"url\":\"https:\\\/\\\/www.bioga.org\\\/wp-content\\\/uploads\\\/2022\\\/06\\\/bioga-logo-color-lg.svg\",\"contentUrl\":\"https:\\\/\\\/www.bioga.org\\\/wp-content\\\/uploads\\\/2022\\\/06\\\/bioga-logo-color-lg.svg\",\"width\":121,\"height\":41,\"caption\":\"Bioga\"},\"image\":{\"@id\":\"https:\\\/\\\/www.bioga.org\\\/#\\\/schema\\\/logo\\\/image\\\/\"},\"sameAs\":[\"https:\\\/\\\/www.facebook.com\\\/BiogaGalicia\\\/\",\"https:\\\/\\\/x.com\\\/BiogaGalicia\",\"https:\\\/\\\/www.linkedin.com\\\/company\\\/\",\"https:\\\/\\\/www.instagram.com\\\/biogagalicia\\\/\"]}]}<\/script>\n<!-- \/ Yoast SEO plugin. -->","yoast_head_json":{"title":"Hiring | Bioga","description":"Consulta las instrucciones y los datos de facturaci\u00f3n de contrataci\u00f3n en nuestra web, para m\u00e1s informaci\u00f3n ponte en contacto con nosotros.","robots":{"index":"index","follow":"follow","max-snippet":"max-snippet:-1","max-image-preview":"max-image-preview:large","max-video-preview":"max-video-preview:-1"},"canonical":"https:\/\/www.bioga.org\/en\/hiring\/","og_locale":"en_US","og_type":"article","og_title":"Contrataciones | Bioga","og_description":"Consulta las instrucciones y los datos de facturaci\u00f3n de contrataci\u00f3n en nuestra web, para m\u00e1s informaci\u00f3n ponte en contacto con nosotros.","og_url":"https:\/\/www.bioga.org\/en\/hiring\/","og_site_name":"Bioga","article_publisher":"https:\/\/www.facebook.com\/BiogaGalicia\/","article_modified_time":"2026-03-25T12:01:17+00:00","og_image":[{"width":2400,"height":1261,"url":"https:\/\/www.bioga.org\/wp-content\/uploads\/2022\/09\/SEOFB-bioga.jpg","type":"image\/jpeg"}],"twitter_card":"summary_large_image","twitter_title":"Contrataciones | Bioga","twitter_description":"Consulta las instrucciones y los datos de facturaci\u00f3n de contrataci\u00f3n en nuestra web, para m\u00e1s informaci\u00f3n ponte en contacto con nosotros.","twitter_image":"https:\/\/www.bioga.org\/wp-content\/uploads\/2022\/09\/SEOTW-bioga.jpg","twitter_site":"@BiogaGalicia","twitter_misc":{"Est. reading time":"6 minutes"},"schema":{"@context":"https:\/\/schema.org","@graph":[{"@type":"WebPage","@id":"https:\/\/www.bioga.org\/en\/hiring\/","url":"https:\/\/www.bioga.org\/en\/hiring\/","name":"Hiring | Bioga","isPartOf":{"@id":"https:\/\/www.bioga.org\/#website"},"primaryImageOfPage":{"@id":"https:\/\/www.bioga.org\/en\/hiring\/#primaryimage"},"image":{"@id":"https:\/\/www.bioga.org\/en\/hiring\/#primaryimage"},"thumbnailUrl":"https:\/\/www.bioga.org\/wp-content\/uploads\/2024\/05\/Bioga-GAIN-e1764865025488-300x105.png","datePublished":"2022-09-09T08:28:15+00:00","dateModified":"2026-03-25T12:01:17+00:00","description":"Consulta las instrucciones y los datos de facturaci\u00f3n de contrataci\u00f3n en nuestra web, para m\u00e1s informaci\u00f3n ponte en contacto con nosotros.","breadcrumb":{"@id":"https:\/\/www.bioga.org\/en\/hiring\/#breadcrumb"},"inLanguage":"en-US","potentialAction":[{"@type":"ReadAction","target":["https:\/\/www.bioga.org\/en\/hiring\/"]}]},{"@type":"ImageObject","inLanguage":"en-US","@id":"https:\/\/www.bioga.org\/en\/hiring\/#primaryimage","url":"https:\/\/www.bioga.org\/wp-content\/uploads\/2024\/05\/Bioga-GAIN-e1764865025488-300x105.png","contentUrl":"https:\/\/www.bioga.org\/wp-content\/uploads\/2024\/05\/Bioga-GAIN-e1764865025488-300x105.png"},{"@type":"BreadcrumbList","@id":"https:\/\/www.bioga.org\/en\/hiring\/#breadcrumb","itemListElement":[{"@type":"ListItem","position":1,"name":"Home","item":"https:\/\/www.bioga.org\/en\/"},{"@type":"ListItem","position":2,"name":"Hiring"}]},{"@type":"WebSite","@id":"https:\/\/www.bioga.org\/#website","url":"https:\/\/www.bioga.org\/","name":"Bioga","description":"Cl\u00faster Tecnol\u00f3xico Empresarial das Ciencias da Vida","publisher":{"@id":"https:\/\/www.bioga.org\/#organization"},"potentialAction":[{"@type":"SearchAction","target":{"@type":"EntryPoint","urlTemplate":"https:\/\/www.bioga.org\/?s={search_term_string}"},"query-input":{"@type":"PropertyValueSpecification","valueRequired":true,"valueName":"search_term_string"}}],"inLanguage":"en-US"},{"@type":"Organization","@id":"https:\/\/www.bioga.org\/#organization","name":"Bioga","url":"https:\/\/www.bioga.org\/","logo":{"@type":"ImageObject","inLanguage":"en-US","@id":"https:\/\/www.bioga.org\/#\/schema\/logo\/image\/","url":"https:\/\/www.bioga.org\/wp-content\/uploads\/2022\/06\/bioga-logo-color-lg.svg","contentUrl":"https:\/\/www.bioga.org\/wp-content\/uploads\/2022\/06\/bioga-logo-color-lg.svg","width":121,"height":41,"caption":"Bioga"},"image":{"@id":"https:\/\/www.bioga.org\/#\/schema\/logo\/image\/"},"sameAs":["https:\/\/www.facebook.com\/BiogaGalicia\/","https:\/\/x.com\/BiogaGalicia","https:\/\/www.linkedin.com\/company\/","https:\/\/www.instagram.com\/biogagalicia\/"]}]}},"_links":{"self":[{"href":"https:\/\/www.bioga.org\/en\/wp-json\/wp\/v2\/pages\/4065","targetHints":{"allow":["GET"]}}],"collection":[{"href":"https:\/\/www.bioga.org\/en\/wp-json\/wp\/v2\/pages"}],"about":[{"href":"https:\/\/www.bioga.org\/en\/wp-json\/wp\/v2\/types\/page"}],"author":[{"embeddable":true,"href":"https:\/\/www.bioga.org\/en\/wp-json\/wp\/v2\/users\/1"}],"replies":[{"embeddable":true,"href":"https:\/\/www.bioga.org\/en\/wp-json\/wp\/v2\/comments?post=4065"}],"version-history":[{"count":4,"href":"https:\/\/www.bioga.org\/en\/wp-json\/wp\/v2\/pages\/4065\/revisions"}],"predecessor-version":[{"id":8434,"href":"https:\/\/www.bioga.org\/en\/wp-json\/wp\/v2\/pages\/4065\/revisions\/8434"}],"wp:attachment":[{"href":"https:\/\/www.bioga.org\/en\/wp-json\/wp\/v2\/media?parent=4065"}],"curies":[{"name":"wp","href":"https:\/\/api.w.org\/{rel}","templated":true}]}}