{"id":3971,"date":"2022-08-29T08:36:17","date_gmt":"2022-08-29T06:36:17","guid":{"rendered":"https:\/\/www.bioga.org\/cluster\/"},"modified":"2025-02-13T11:10:32","modified_gmt":"2025-02-13T10:10:32","slug":"cluster","status":"publish","type":"page","link":"https:\/\/www.bioga.org\/en\/cluster\/","title":{"rendered":"Cluster BIOGA"},"content":{"rendered":"<p>[vc_row foundry_background_style=&#8221;bg-primary&#8221; el_class=&#8221;bio-header-home&#8221; css=&#8221;.vc_custom_1669187603002{background-image: url(https:\/\/www.bioga.org\/wp-content\/uploads\/2022\/11\/MG_9650.jpg?id=977) !important;background-position: center !important;background-repeat: no-repeat !important;background-size: cover !important;}&#8221;][vc_column][vc_row_inner el_class=&#8221;bio-title-home&#8221;][vc_column_inner width=&#8221;5\/6&#8243; offset=&#8221;vc_col-lg-offset-1 vc_col-md-offset-1&#8243;][vc_column_text]<\/p>\n<h1>The Cluster<\/h1>\n<h2>Enhancing the Biotech Sector<\/h2>\n<p>We are a non-profit business association that supports the value chain of the biotechnology sector with activities in Galicia.<\/p>\n<p>At the Cluster, we strive to enhance the position of the Galician biotechnology sector, aiming for improved competitiveness and business generation by promoting actions and services specifically tailored to ecosystem members.[\/vc_column_text][\/vc_column_inner][\/vc_row_inner][\/vc_column][\/vc_row][vc_row][vc_column width=&#8221;5\/6&#8243; offset=&#8221;vc_col-lg-offset-1 vc_col-md-offset-1&#8243;][vc_row_inner equal_height=&#8221;yes&#8221; content_placement=&#8221;top&#8221; el_class=&#8221;bio-row-values&#8221;][vc_column_inner el_class=&#8221;bio-box-values&#8221; width=&#8221;1\/2&#8243; css=&#8221;.vc_custom_1663659741959{background-image: url(https:\/\/www.bioga.org\/wp-content\/uploads\/2022\/09\/mission.jpg?id=728) !important;background-position: center !important;background-repeat: no-repeat !important;background-size: cover !important;}&#8221;][vc_column_text]<\/p>\n<h2>Mission<\/h2>\n<p>Our mission is to energize the ecosystem players in Galician life sciences with the aim of creating a robust research environment, promoting knowledge transfer, and establishing a business network that forms the economic engine of Galicia and contributes to the well-being of society[\/vc_column_text][\/vc_column_inner][vc_column_inner el_class=&#8221;bio-box-values&#8221; width=&#8221;1\/2&#8243; css=&#8221;.vc_custom_1663659727201{background-image: url(https:\/\/www.bioga.org\/wp-content\/uploads\/2022\/09\/vision.jpg?id=729) !important;background-position: center !important;background-repeat: no-repeat !important;background-size: cover !important;}&#8221;][vc_column_text]<\/p>\n<h2>Vision<\/h2>\n<p>Our vision is to position Galicia as one of the leading biotechnology regions internationally, fostering business generation and corporate consolidation through high-impact services and activities.[\/vc_column_text][\/vc_column_inner][\/vc_row_inner][\/vc_column][\/vc_row][vc_row foundry_padding=&#8221;pt0&#8243; el_class=&#8221;bio-row-objectives&#8221;][vc_column][vc_column_text]<\/p>\n<h2 style=\"text-align: center;\">Strategic goals<\/h2>\n<p>[\/vc_column_text][vc_row_inner][vc_column_inner width=&#8221;1\/3&#8243;][vc_single_image image=&#8221;739&#8243; img_size=&#8221;full&#8221; el_class=&#8221;bio-icon&#8221;][vc_column_text]<strong>Seizing the innovation opportunities<\/strong> offered by the Life Sciences sector as a driver of economic and social growth.[\/vc_column_text][\/vc_column_inner][vc_column_inner width=&#8221;1\/3&#8243;][vc_single_image image=&#8221;735&#8243; img_size=&#8221;full&#8221; el_class=&#8221;bio-icon&#8221;][vc_column_text]<strong>Collaborating with Public Administrations<\/strong> to develop a legal and institutional framework to promote innovation in the sector.[\/vc_column_text][\/vc_column_inner][vc_column_inner width=&#8221;1\/3&#8243;][vc_single_image image=&#8221;736&#8243; img_size=&#8221;full&#8221; el_class=&#8221;bio-icon&#8221;][vc_column_text]<strong>Promoting sector analysis and foresight<\/strong>, as well as disseminating scientific and technological advancements in the Life Sciences.[\/vc_column_text][\/vc_column_inner][\/vc_row_inner][vc_row_inner][vc_column_inner width=&#8221;1\/3&#8243;][vc_single_image image=&#8221;125&#8243; img_size=&#8221;full&#8221; el_class=&#8221;bio-icon&#8221;][vc_column_text]<strong>Supporting entrepreneurship and the consolidation<\/strong> of companies in the Life Sciences sector.[\/vc_column_text][\/vc_column_inner][vc_column_inner width=&#8221;1\/3&#8243;][vc_single_image image=&#8221;740&#8243; img_size=&#8221;full&#8221; el_class=&#8221;bio-icon&#8221;][vc_column_text]<strong>Supporting the international expansion<\/strong> of companies in the Life Sciences sector.[\/vc_column_text][\/vc_column_inner][vc_column_inner width=&#8221;1\/3&#8243;][vc_single_image image=&#8221;742&#8243; img_size=&#8221;full&#8221; el_class=&#8221;bio-icon&#8221;][vc_column_text]<strong>Organizing activities and providing tailored services<\/strong> aimed at the Life Sciences sector.[\/vc_column_text][\/vc_column_inner][\/vc_row_inner][vc_row_inner][vc_column_inner width=&#8221;1\/3&#8243;][vc_single_image image=&#8221;741&#8243; img_size=&#8221;full&#8221; el_class=&#8221;bio-icon&#8221;][vc_column_text]<strong>Conducting Research and Development projects<\/strong> for the Life Sciences sector.[\/vc_column_text][\/vc_column_inner][vc_column_inner width=&#8221;1\/3&#8243;][vc_single_image image=&#8221;737&#8243; img_size=&#8221;full&#8221; el_class=&#8221;bio-icon&#8221;][vc_column_text]<strong>Securing funding and channeling grants<\/strong> to members for the development of projects in the Life Sciences field.[\/vc_column_text][\/vc_column_inner][vc_column_inner width=&#8221;1\/3&#8243;][vc_single_image image=&#8221;738&#8243; img_size=&#8221;full&#8221; el_class=&#8221;bio-icon&#8221;][vc_column_text]<strong>Facilitating cross-sector hybridization processes<\/strong> to bring biotechnological innovation closer to strategic sectors.[\/vc_column_text][\/vc_column_inner][\/vc_row_inner][vc_column_text]<\/p>\n<p style=\"text-align: center;\"><a href=\"https:\/\/www.bioga.org\/wp-content\/uploads\/2025\/02\/Diligenciados_230630_Estatutos-Modificados_signed_DFM.pdf\">Bioga&#8217;s Bylaws<\/a><\/p>\n<p>[\/vc_column_text][\/vc_column][\/vc_row][vc_row foundry_background_style=&#8221;bg-secondary&#8221; el_id=&#8221;capabilities&#8221;][vc_column el_id=&#8221;capabilities&#8221;][vc_column_text]<\/p>\n<h2 style=\"text-align: center;\">Capabilities<\/h2>\n<p>[\/vc_column_text][vc_tta_tour active_section=&#8221;1&#8243; el_class=&#8221;bio-tour-about&#8221;][vc_tta_section title=&#8221;Talent management&#8221; tab_id=&#8221;talento&#8221;][vc_single_image image=&#8221;117&#8243; img_size=&#8221;full&#8221; el_class=&#8221;bio-icon&#8221;][vc_column_text]<\/p>\n<h4>Talent management<\/h4>\n<h5>Comprehensive program of initiatives and activities aimed at attracting and retaining highly specialized talent in the bio field.<\/h5>\n<p>[\/vc_column_text][vc_raw_html]JTNDZGl2JTIwY2xhc3MlM0QlMjJidG4tY2FwYWNpZGFkZXMlMjIlM0UlM0NwJTIwc3R5bGUlM0QlMjJ0ZXh0LWFsaWduJTNBJTIwY2VudGVyJTNCJTIyJTNFJTNDYSUyMGNsYXNzJTNEJTIyYnRuJTIyJTIwaHJlZiUzRCUyMmh0dHBzJTNBJTJGJTJGYmlvZ2Eudml0ZXJiaXQuc2l0ZSUyMiUzRUpvYiUyMEJvYXJkJTNDJTJGYSUzRSUzQyUyRnAlM0UlMjAlMjAlM0NwJTIwc3R5bGUlM0QlMjJ0ZXh0LWFsaWduJTNBJTIwY2VudGVyJTNCJTIyJTNFJTNDYSUyMGNsYXNzJTNEJTIyYnRuJTIyJTIwaHJlZiUzRCUyMmh0dHBzJTNBJTJGJTJGaWZmZS5lcyUyRm1hc3RlciUyRmdlc3Rpb24tZGUtZW1wcmVzYXMtYmlvdGVjbm9sb2dpY2FzJTJGJTIyJTNFTWFzdGVyJTIwTUJJTyUzQyUyRmElM0UlM0MlMkZwJTNFJTIwJTNDJTJGZGl2JTNF[\/vc_raw_html][\/vc_tta_section][vc_tta_section title=&#8221;Entrepreneurship and project financing&#8221; tab_id=&#8221;emprendimiento&#8221;][vc_single_image image=&#8221;125&#8243; img_size=&#8221;full&#8221; el_class=&#8221;bio-icon&#8221;][vc_column_text]<\/p>\n<h4>Entrepreneurship and Project Financing<\/h4>\n<h5>Generating activities that promote new lines of business and collaboration, as well as actively seeking funding for them.<\/h5>\n<p>[\/vc_column_text][\/vc_tta_section][vc_tta_section title=&#8221;Networking and Collaborative Networks&#8221; tab_id=&#8221;networking&#8221;][vc_single_image image=&#8221;128&#8243; img_size=&#8221;full&#8221; el_class=&#8221;bio-icon&#8221;][vc_column_text]<\/p>\n<h4>Networking and Collaborative Networks<\/h4>\n<h5>Organizing high-impact activities that promote the generation of contacts and alliances.<\/h5>\n<p>[\/vc_column_text][\/vc_tta_section][vc_tta_section title=&#8221;Innovation and Cross-Sector Hybridization&#8221; tab_id=&#8221;innovacion&#8221;][vc_single_image image=&#8221;126&#8243; img_size=&#8221;full&#8221; el_class=&#8221;bio-icon&#8221;][vc_column_text]<\/p>\n<h4>Innovation and Cross-Sector Hybridization<\/h4>\n<h5>Generating new lines of research and collaboration among various stakeholders in the R&amp;D&amp;I field of Life Sciences and other economic sectors.<\/h5>\n<p>[\/vc_column_text][\/vc_tta_section][vc_tta_section title=&#8221;Growth and Competitive Enhancement&#8221; tab_id=&#8221;crecimiento&#8221;][vc_single_image image=&#8221;124&#8243; img_size=&#8221;full&#8221; el_class=&#8221;bio-icon&#8221;][vc_column_text]<\/p>\n<h4>Growth and Competitive Improvement<\/h4>\n<h5>A set of activities aimed at enhancing the competitive positioning of the Galician biotech sector.<\/h5>\n<p>[\/vc_column_text][\/vc_tta_section][vc_tta_section title=&#8221;Internationalization and Access to New Markets&#8221; tab_id=&#8221;internacionalizacion&#8221;][vc_single_image image=&#8221;127&#8243; img_size=&#8221;full&#8221; el_class=&#8221;bio-icon&#8221;][vc_column_text]<\/p>\n<h4>Internationalization and Access to New Markets<\/h4>\n<h5>Supporting sector companies in activities related to international promotion, accessing new markets, and organizing trade missions and events.<\/h5>\n<p>[\/vc_column_text][\/vc_tta_section][\/vc_tta_tour][vc_row_inner][vc_column_inner width=&#8221;2\/3&#8243; offset=&#8221;vc_col-lg-offset-2 vc_col-md-offset-2&#8243;][vc_empty_space height=&#8221;20px&#8221;][vc_column_text]<\/p>\n<h4 style=\"text-align: center;\">Do you want to be part of the cluster?<\/h4>\n<p style=\"text-align: center;\"><a class=\"btn\" href=\"https:\/\/www.bioga.org\/en\/join\/\">Talk to us!<\/a><\/p>\n<p>[\/vc_column_text][\/vc_column_inner][\/vc_row_inner][\/vc_column][\/vc_row][vc_row foundry_padding=&#8221;pt64 pb64&#8243;][vc_column width=&#8221;5\/6&#8243; offset=&#8221;vc_col-lg-offset-1 vc_col-md-offset-1&#8243;][vc_column_text]<\/p>\n<h2 style=\"text-align: center;\">Do you want to learn more about us?<\/h2>\n<p>[\/vc_column_text][vc_video link=&#8221;https:\/\/youtu.be\/3LEizg88jcA&#8221; align=&#8221;center&#8221;][\/vc_column][\/vc_row]<\/p>\n","protected":false},"excerpt":{"rendered":"<p>[vc_row foundry_background_style=&#8221;bg-primary&#8221; el_class=&#8221;bio-header-home&#8221; css=&#8221;.vc_custom_1669187603002{background-image: url(https:\/\/www.bioga.org\/wp-content\/uploads\/2022\/11\/MG_9650.jpg?id=977) !important;background-position: center !important;background-repeat: no-repeat !important;background-size: cover !important;}&#8221;][vc_column][vc_row_inner el_class=&#8221;bio-title-home&#8221;][vc_column_inner width=&#8221;5\/6&#8243; offset=&#8221;vc_col-lg-offset-1 vc_col-md-offset-1&#8243;][vc_column_text] The Cluster Enhancing the Biotech&#8230;<\/p>\n","protected":false},"author":1,"featured_media":0,"parent":0,"menu_order":0,"comment_status":"closed","ping_status":"closed","template":"","meta":{"footnotes":"","_links_to":"","_links_to_target":""},"class_list":["post-3971","page","type-page","status-publish","hentry"],"yoast_head":"<!-- This site is optimized with the Yoast SEO plugin v21.7 - https:\/\/yoast.com\/wordpress\/plugins\/seo\/ -->\n<title>Cluster BIOGA | Bioga<\/title>\n<meta name=\"description\" content=\"Somos una asociaci\u00f3n empresarial sin \u00e1nimo de lucro que da soporte a la cadena de valor del sector biotecnol\u00f3gico con actividad en Galicia.\" \/>\n<meta name=\"robots\" content=\"index, follow, max-snippet:-1, max-image-preview:large, max-video-preview:-1\" \/>\n<link rel=\"canonical\" href=\"https:\/\/www.bioga.org\/en\/cluster\/\" \/>\n<meta property=\"og:locale\" content=\"en_US\" \/>\n<meta property=\"og:type\" content=\"article\" \/>\n<meta property=\"og:title\" content=\"Segmento | Bioga\" \/>\n<meta property=\"og:description\" content=\"Somos una asociaci\u00f3n empresarial sin \u00e1nimo de lucro que da soporte a la cadena de valor del sector biotecnol\u00f3gico con actividad en Galicia.\" \/>\n<meta property=\"og:url\" content=\"https:\/\/www.bioga.org\/en\/cluster\/\" \/>\n<meta property=\"og:site_name\" content=\"Bioga\" \/>\n<meta property=\"article:publisher\" content=\"https:\/\/www.facebook.com\/BiogaGalicia\/\" \/>\n<meta property=\"article:modified_time\" content=\"2025-02-13T10:10:32+00:00\" \/>\n<meta property=\"og:image\" content=\"https:\/\/www.bioga.org\/wp-content\/uploads\/2022\/09\/SEOFB-bioga.jpg\" \/>\n\t<meta property=\"og:image:width\" content=\"2400\" \/>\n\t<meta property=\"og:image:height\" content=\"1261\" \/>\n\t<meta property=\"og:image:type\" content=\"image\/jpeg\" \/>\n<meta name=\"twitter:card\" content=\"summary_large_image\" \/>\n<meta name=\"twitter:title\" content=\"Segmento | Bioga\" \/>\n<meta name=\"twitter:description\" content=\"Somos una asociaci\u00f3n empresarial sin \u00e1nimo de lucro que da soporte a la cadena de valor del sector biotecnol\u00f3gico con actividad en Galicia.\" \/>\n<meta name=\"twitter:image\" content=\"https:\/\/www.bioga.org\/wp-content\/uploads\/2022\/09\/SEOTW-bioga.jpg\" \/>\n<meta name=\"twitter:site\" content=\"@BiogaGalicia\" \/>\n<meta name=\"twitter:label1\" content=\"Est. reading time\" \/>\n\t<meta name=\"twitter:data1\" content=\"3 minutes\" \/>\n<script type=\"application\/ld+json\" class=\"yoast-schema-graph\">{\"@context\":\"https:\/\/schema.org\",\"@graph\":[{\"@type\":\"WebPage\",\"@id\":\"https:\/\/www.bioga.org\/en\/cluster\/\",\"url\":\"https:\/\/www.bioga.org\/en\/cluster\/\",\"name\":\"Cluster BIOGA | Bioga\",\"isPartOf\":{\"@id\":\"https:\/\/www.bioga.org\/#website\"},\"datePublished\":\"2022-08-29T06:36:17+00:00\",\"dateModified\":\"2025-02-13T10:10:32+00:00\",\"description\":\"Somos una asociaci\u00f3n empresarial sin \u00e1nimo de lucro que da soporte a la cadena de valor del sector biotecnol\u00f3gico con actividad en Galicia.\",\"breadcrumb\":{\"@id\":\"https:\/\/www.bioga.org\/en\/cluster\/#breadcrumb\"},\"inLanguage\":\"en-US\",\"potentialAction\":[{\"@type\":\"ReadAction\",\"target\":[\"https:\/\/www.bioga.org\/en\/cluster\/\"]}]},{\"@type\":\"BreadcrumbList\",\"@id\":\"https:\/\/www.bioga.org\/en\/cluster\/#breadcrumb\",\"itemListElement\":[{\"@type\":\"ListItem\",\"position\":1,\"name\":\"Home\",\"item\":\"https:\/\/www.bioga.org\/en\/\"},{\"@type\":\"ListItem\",\"position\":2,\"name\":\"Cluster BIOGA\"}]},{\"@type\":\"WebSite\",\"@id\":\"https:\/\/www.bioga.org\/#website\",\"url\":\"https:\/\/www.bioga.org\/\",\"name\":\"Bioga\",\"description\":\"Cl\u00faster Tecnol\u00f3xico Empresarial das Ciencias da Vida\",\"publisher\":{\"@id\":\"https:\/\/www.bioga.org\/#organization\"},\"potentialAction\":[{\"@type\":\"SearchAction\",\"target\":{\"@type\":\"EntryPoint\",\"urlTemplate\":\"https:\/\/www.bioga.org\/?s={search_term_string}\"},\"query-input\":\"required name=search_term_string\"}],\"inLanguage\":\"en-US\"},{\"@type\":\"Organization\",\"@id\":\"https:\/\/www.bioga.org\/#organization\",\"name\":\"Bioga\",\"url\":\"https:\/\/www.bioga.org\/\",\"logo\":{\"@type\":\"ImageObject\",\"inLanguage\":\"en-US\",\"@id\":\"https:\/\/www.bioga.org\/#\/schema\/logo\/image\/\",\"url\":\"https:\/\/www.bioga.org\/wp-content\/uploads\/2022\/06\/bioga-logo-color-lg.svg\",\"contentUrl\":\"https:\/\/www.bioga.org\/wp-content\/uploads\/2022\/06\/bioga-logo-color-lg.svg\",\"width\":121,\"height\":41,\"caption\":\"Bioga\"},\"image\":{\"@id\":\"https:\/\/www.bioga.org\/#\/schema\/logo\/image\/\"},\"sameAs\":[\"https:\/\/www.facebook.com\/BiogaGalicia\/\",\"https:\/\/twitter.com\/BiogaGalicia\",\"https:\/\/www.linkedin.com\/company\/\",\"https:\/\/www.instagram.com\/biogagalicia\/\"]}]}<\/script>\n<!-- \/ Yoast SEO plugin. -->","yoast_head_json":{"title":"Cluster BIOGA | Bioga","description":"Somos una asociaci\u00f3n empresarial sin \u00e1nimo de lucro que da soporte a la cadena de valor del sector biotecnol\u00f3gico con actividad en Galicia.","robots":{"index":"index","follow":"follow","max-snippet":"max-snippet:-1","max-image-preview":"max-image-preview:large","max-video-preview":"max-video-preview:-1"},"canonical":"https:\/\/www.bioga.org\/en\/cluster\/","og_locale":"en_US","og_type":"article","og_title":"Segmento | Bioga","og_description":"Somos una asociaci\u00f3n empresarial sin \u00e1nimo de lucro que da soporte a la cadena de valor del sector biotecnol\u00f3gico con actividad en Galicia.","og_url":"https:\/\/www.bioga.org\/en\/cluster\/","og_site_name":"Bioga","article_publisher":"https:\/\/www.facebook.com\/BiogaGalicia\/","article_modified_time":"2025-02-13T10:10:32+00:00","og_image":[{"width":2400,"height":1261,"url":"https:\/\/www.bioga.org\/wp-content\/uploads\/2022\/09\/SEOFB-bioga.jpg","type":"image\/jpeg"}],"twitter_card":"summary_large_image","twitter_title":"Segmento | Bioga","twitter_description":"Somos una asociaci\u00f3n empresarial sin \u00e1nimo de lucro que da soporte a la cadena de valor del sector biotecnol\u00f3gico con actividad en Galicia.","twitter_image":"https:\/\/www.bioga.org\/wp-content\/uploads\/2022\/09\/SEOTW-bioga.jpg","twitter_site":"@BiogaGalicia","twitter_misc":{"Est. reading time":"3 minutes"},"schema":{"@context":"https:\/\/schema.org","@graph":[{"@type":"WebPage","@id":"https:\/\/www.bioga.org\/en\/cluster\/","url":"https:\/\/www.bioga.org\/en\/cluster\/","name":"Cluster BIOGA | Bioga","isPartOf":{"@id":"https:\/\/www.bioga.org\/#website"},"datePublished":"2022-08-29T06:36:17+00:00","dateModified":"2025-02-13T10:10:32+00:00","description":"Somos una asociaci\u00f3n empresarial sin \u00e1nimo de lucro que da soporte a la cadena de valor del sector biotecnol\u00f3gico con actividad en Galicia.","breadcrumb":{"@id":"https:\/\/www.bioga.org\/en\/cluster\/#breadcrumb"},"inLanguage":"en-US","potentialAction":[{"@type":"ReadAction","target":["https:\/\/www.bioga.org\/en\/cluster\/"]}]},{"@type":"BreadcrumbList","@id":"https:\/\/www.bioga.org\/en\/cluster\/#breadcrumb","itemListElement":[{"@type":"ListItem","position":1,"name":"Home","item":"https:\/\/www.bioga.org\/en\/"},{"@type":"ListItem","position":2,"name":"Cluster BIOGA"}]},{"@type":"WebSite","@id":"https:\/\/www.bioga.org\/#website","url":"https:\/\/www.bioga.org\/","name":"Bioga","description":"Cl\u00faster Tecnol\u00f3xico Empresarial das Ciencias da Vida","publisher":{"@id":"https:\/\/www.bioga.org\/#organization"},"potentialAction":[{"@type":"SearchAction","target":{"@type":"EntryPoint","urlTemplate":"https:\/\/www.bioga.org\/?s={search_term_string}"},"query-input":"required name=search_term_string"}],"inLanguage":"en-US"},{"@type":"Organization","@id":"https:\/\/www.bioga.org\/#organization","name":"Bioga","url":"https:\/\/www.bioga.org\/","logo":{"@type":"ImageObject","inLanguage":"en-US","@id":"https:\/\/www.bioga.org\/#\/schema\/logo\/image\/","url":"https:\/\/www.bioga.org\/wp-content\/uploads\/2022\/06\/bioga-logo-color-lg.svg","contentUrl":"https:\/\/www.bioga.org\/wp-content\/uploads\/2022\/06\/bioga-logo-color-lg.svg","width":121,"height":41,"caption":"Bioga"},"image":{"@id":"https:\/\/www.bioga.org\/#\/schema\/logo\/image\/"},"sameAs":["https:\/\/www.facebook.com\/BiogaGalicia\/","https:\/\/twitter.com\/BiogaGalicia","https:\/\/www.linkedin.com\/company\/","https:\/\/www.instagram.com\/biogagalicia\/"]}]}},"_links":{"self":[{"href":"https:\/\/www.bioga.org\/en\/wp-json\/wp\/v2\/pages\/3971","targetHints":{"allow":["GET"]}}],"collection":[{"href":"https:\/\/www.bioga.org\/en\/wp-json\/wp\/v2\/pages"}],"about":[{"href":"https:\/\/www.bioga.org\/en\/wp-json\/wp\/v2\/types\/page"}],"author":[{"embeddable":true,"href":"https:\/\/www.bioga.org\/en\/wp-json\/wp\/v2\/users\/1"}],"replies":[{"embeddable":true,"href":"https:\/\/www.bioga.org\/en\/wp-json\/wp\/v2\/comments?post=3971"}],"version-history":[{"count":11,"href":"https:\/\/www.bioga.org\/en\/wp-json\/wp\/v2\/pages\/3971\/revisions"}],"predecessor-version":[{"id":7028,"href":"https:\/\/www.bioga.org\/en\/wp-json\/wp\/v2\/pages\/3971\/revisions\/7028"}],"wp:attachment":[{"href":"https:\/\/www.bioga.org\/en\/wp-json\/wp\/v2\/media?parent=3971"}],"curies":[{"name":"wp","href":"https:\/\/api.w.org\/{rel}","templated":true}]}}